{"id":2,"date":"2015-02-24T09:55:44","date_gmt":"2015-02-24T09:55:44","guid":{"rendered":"http:\/\/maulion.net\/cb\/?page_id=2"},"modified":"2022-03-01T15:34:39","modified_gmt":"2022-03-01T14:34:39","slug":"bio","status":"publish","type":"page","link":"https:\/\/maulion.net\/cb\/?page_id=2","title":{"rendered":"Bio (fr)"},"content":{"rendered":"<p><img loading=\"lazy\" decoding=\"async\" class=\" size-full wp-image-4 alignleft\" style=\"border-color: #ffffff;\" src=\"https:\/\/maulion.net\/cb\/wp-content\/uploads\/2015\/02\/logo100.jpg\" alt=\"claude bernier\" width=\"100\" height=\"100\" border=\"10\" \/>Claude Bernier est n\u00e9e en Anjou (France). apr\u00e8s avoir suivi cinq ann\u00e9es d&rsquo;\u00e9tude aux beaux-arts d&rsquo;Angers (Maine et Loire), elle s&rsquo;est lanc\u00e9e dans divers travaux artistiques, tels que dessins anim\u00e9s et tapisserie d&rsquo;art.<br \/>\nDepuis, elle se consacre enti\u00e8rement aux dessin, aquarelle et peinture \u00e0 l&rsquo;huile, d&rsquo;abord au Gabon, o\u00f9 elle s\u00e9journait, puis en Touraine et ensuite dans la jolie cit\u00e9 de Tourrettes-sur-Loup pr\u00e8s de St-Paul-de-Vence, avec une courte incursion \u00e0 Boston aux \u00c9tats-Unis.<br \/>\nElle s&rsquo;est ensuite install\u00e9e au Portugal, en Algarve, o\u00f9 elle b\u00e9n\u00e9ficiait de couleurs et de lumi\u00e8res toutes particuli\u00e8res.<br \/>\nElle y a ouvert un atelier-galerie dans la ville historique de Silves.<\/p>\n<p>De retour en France, elle continue d&rsquo;exposer ses \u0153uvres dans son nouvel atelier-galerie piquelune<sup>7<\/sup> \u00e0 Montign\u00e9-les-Rairies en Anjou jusqu&rsquo;\u00e0 son d\u00e9c\u00e8s en d\u00e9cembre 2021.<\/p>\n<p>Son art est un art d&rsquo;analyse et d&rsquo;imagination. Parfois, elle cherche son inspiration parmi les ma\u00eetres de l&rsquo;art oriental pour aussit\u00f4t les transposer dans son univers personnel en cr\u00e9ant des formes superbes dans un d\u00e9cor f\u00e9erique.<\/p>\n<p>Ses dessins d&rsquo;une grande perfection dont la r\u00e9alisation semble classique, laissent cependant appara\u00eetre une modernit\u00e9 toute fine avec une touche de m\u00e9lancolie.<\/p>\n<p>Une grande force d&rsquo;expression anime ses toiles empreintes de couleurs chaudes et harmonieuses. Plusieurs tendances animent en m\u00eame temps sa cr\u00e9ativit\u00e9 artistique.\u00a0 Elle met en peinture des sensations et des id\u00e9es et revendique, haut et fort, le droit \u00e0 la diversit\u00e9.<\/p>\n<p>Certaines de ses toiles sont figuratives, d&rsquo;autres tout \u00e0 fait symboliques et abstraites. Elle nous entra\u00eene dans des lieux magiques o\u00f9 des oiseaux conduisent jusqu&rsquo;au soleil d&rsquo;or.<\/p>\n<p>Ses personnages a\u00e9riens, longilignes, ses mains effil\u00e9es nous emportent dans un tourbillon de m\u00e9lodie.<\/p>\n<p>Le visiteur saura appr\u00e9cier son talent et sa sinc\u00e9rit\u00e9. Elle s&rsquo;identifie parfaitement \u00e0 cette phrase de Tahar Ben Jelloun qui dit :<em> \u00ab\u00a0Moi je ne conte pas des histoires uniquement pour passer le temps, ce sont des histoires qui viennent \u00e0 moi, m&rsquo;habitent et me transforment\u00a0\u00bb<\/em>.<\/p>\n<p>Les histoires de Claude Bernier sont essentielles \u00e0 la compr\u00e9hension, tout au moins, \u00e0 la pr\u00e9hension de l&rsquo;existence.<\/p>\n<p><strong>Tout est po\u00e9sie et bonheur dans son \u0153uvre.<\/strong><\/p>\n","protected":false},"excerpt":{"rendered":"<p>Claude Bernier est n\u00e9e en Anjou (France). apr\u00e8s avoir suivi cinq ann\u00e9es d&rsquo;\u00e9tude aux beaux-arts d&rsquo;Angers (Maine et Loire), elle s&rsquo;est lanc\u00e9e dans&#8230;<\/p>\n","protected":false},"author":1,"featured_media":4,"parent":297,"menu_order":0,"comment_status":"closed","ping_status":"closed","template":"","meta":{"footnotes":""},"class_list":["post-2","page","type-page","status-publish","has-post-thumbnail","hentry"],"_links":{"self":[{"href":"https:\/\/maulion.net\/cb\/index.php?rest_route=\/wp\/v2\/pages\/2","targetHints":{"allow":["GET"]}}],"collection":[{"href":"https:\/\/maulion.net\/cb\/index.php?rest_route=\/wp\/v2\/pages"}],"about":[{"href":"https:\/\/maulion.net\/cb\/index.php?rest_route=\/wp\/v2\/types\/page"}],"author":[{"embeddable":true,"href":"https:\/\/maulion.net\/cb\/index.php?rest_route=\/wp\/v2\/users\/1"}],"replies":[{"embeddable":true,"href":"https:\/\/maulion.net\/cb\/index.php?rest_route=%2Fwp%2Fv2%2Fcomments&post=2"}],"version-history":[{"count":11,"href":"https:\/\/maulion.net\/cb\/index.php?rest_route=\/wp\/v2\/pages\/2\/revisions"}],"predecessor-version":[{"id":482,"href":"https:\/\/maulion.net\/cb\/index.php?rest_route=\/wp\/v2\/pages\/2\/revisions\/482"}],"up":[{"embeddable":true,"href":"https:\/\/maulion.net\/cb\/index.php?rest_route=\/wp\/v2\/pages\/297"}],"wp:featuredmedia":[{"embeddable":true,"href":"https:\/\/maulion.net\/cb\/index.php?rest_route=\/wp\/v2\/media\/4"}],"wp:attachment":[{"href":"https:\/\/maulion.net\/cb\/index.php?rest_route=%2Fwp%2Fv2%2Fmedia&parent=2"}],"curies":[{"name":"wp","href":"https:\/\/api.w.org\/{rel}","templated":true}]}}